{"id":2827,"date":"2022-11-25T08:45:48","date_gmt":"2022-11-25T08:45:48","guid":{"rendered":"\/armpos\/?page_id=2827"},"modified":"2023-05-07T22:04:55","modified_gmt":"2023-05-07T22:04:55","slug":"business-tools-digital-marketing","status":"publish","type":"page","link":"\/armpos\/business-tools-digital-marketing\/","title":{"rendered":"ArmPOS Business Tools Digital Marketing"},"content":{"rendered":"<p>[et_pb_section fb_built=&#8221;1&#8243; custom_padding_last_edited=&#8221;on|tablet&#8221; admin_label=&#8221;Header&#8221; _builder_version=&#8221;4.18.0&#8243; use_background_color_gradient=&#8221;on&#8221; background_color_gradient_stops=&#8221;#001b56 28%|#0e4de3 100%&#8221; background_color_gradient_start=&#8221;#001b56&#8243; background_color_gradient_start_position=&#8221;28%&#8221; background_color_gradient_end=&#8221;#0e4de3&#8243; background_image=&#8221;\/wp-content\/uploads\/2023\/03\/\u4e0b\u8f7d.png&#8221; background_size=&#8221;initial&#8221; background_position=&#8221;bottom_right&#8221; background_vertical_offset=&#8221;-63%&#8221; width=&#8221;90%&#8221; custom_margin=&#8221;||2vw||false|false&#8221; custom_margin_last_edited=&#8221;off|tablet&#8221; custom_padding=&#8221;6vw||6vw|10vw|true|false&#8221; custom_padding_tablet=&#8221;|10vw||10vw|false|true&#8221; custom_padding_phone=&#8221;&#8221; hover_enabled=&#8221;0&#8243; da_disable_devices=&#8221;off|off|off&#8221; locked=&#8221;off&#8221; global_colors_info=&#8221;{}&#8221; sticky_enabled=&#8221;0&#8243; da_is_popup=&#8221;off&#8221; da_exit_intent=&#8221;off&#8221; da_has_close=&#8221;on&#8221; da_alt_close=&#8221;off&#8221; da_dark_close=&#8221;off&#8221; da_not_modal=&#8221;on&#8221; da_is_singular=&#8221;off&#8221; da_with_loader=&#8221;off&#8221; da_has_shadow=&#8221;on&#8221;][et_pb_row _builder_version=&#8221;4.18.0&#8243; global_colors_info=&#8221;{}&#8221;][et_pb_column type=&#8221;4_4&#8243; _builder_version=&#8221;4.16&#8243; z_index=&#8221;11&#8243; global_colors_info=&#8221;{}&#8221;][et_pb_text admin_label=&#8221;Text&#8221; _builder_version=&#8221;4.18.0&#8243; text_font=&#8221;Exo 2|||on|||||&#8221; text_text_color=&#8221;gcid-46f6134b-39db-4551-955e-1c7745cdb5de&#8221; text_letter_spacing=&#8221;1px&#8221; background_color=&#8221;RGBA(255,255,255,0)&#8221; global_colors_info=&#8221;{%22gcid-46f6134b-39db-4551-955e-1c7745cdb5de%22:%91%22text_text_color%22%93}&#8221;]<\/p>\n<p>Welcome to Business Tools<\/p>\n<p>[\/et_pb_text][et_pb_text admin_label=&#8221;Text&#8221; _builder_version=&#8221;4.18.0&#8243; text_font=&#8221;Allerta Stencil||||||||&#8221; header_font=&#8221;Allerta Stencil|600|||||||&#8221; header_font_size=&#8221;75px&#8221; background_layout=&#8221;dark&#8221; header_font_size_tablet=&#8221;48px&#8221; header_font_size_phone=&#8221;28px&#8221; header_font_size_last_edited=&#8221;on|desktop&#8221; global_colors_info=&#8221;{}&#8221;]<\/p>\n<div class=\"et_pb_module et_pb_text et_pb_text_0  et_pb_text_align_left et_pb_bg_layout_light\">\n<div class=\"et_pb_text_inner\">\n<h1>Digital Marketing<\/h1>\n<\/div>\n<\/div>\n<p>[\/et_pb_text][et_pb_text _builder_version=&#8221;4.18.0&#8243; text_font=&#8221;PT Sans||||||||&#8221; text_font_size=&#8221;18px&#8221; text_line_height=&#8221;1.8em&#8221; background_layout=&#8221;dark&#8221; custom_padding=&#8221;||0px|||&#8221; text_font_size_tablet=&#8221;15px&#8221; text_font_size_phone=&#8221;14px&#8221; text_font_size_last_edited=&#8221;on|phone&#8221; global_colors_info=&#8221;{}&#8221;]<\/p>\n<p>The objective of our marketing team is to deliver our expert service and develop creative idea to your business. We will help you to boost sales, increase brand awareness, get the best return on investment and increase customer loyalty.\u00a0<\/p>\n<p>[\/et_pb_text][et_pb_button button_url=&#8221;https:\/\/www.armpos.com.au\/armpos\/contact-us\/&#8221; button_text=&#8221;Book A DEMO&#8221; _builder_version=&#8221;4.18.0&#8243; custom_button=&#8221;on&#8221; button_text_size=&#8221;14px&#8221; button_text_color=&#8221;#FFFFFF&#8221; button_bg_color=&#8221;gcid-46f6134b-39db-4551-955e-1c7745cdb5de&#8221; button_border_width=&#8221;0px&#8221; button_letter_spacing=&#8221;1px&#8221; button_font=&#8221;Exo 2|500||on|||||&#8221; custom_padding=&#8221;10px|30px|10px|30px|true|true&#8221; global_colors_info=&#8221;{%22gcid-46f6134b-39db-4551-955e-1c7745cdb5de%22:%91%22button_bg_color%22%93}&#8221;][\/et_pb_button][\/et_pb_column][\/et_pb_row][\/et_pb_section][et_pb_section fb_built=&#8221;1&#8243; custom_padding_last_edited=&#8221;on|phone&#8221; admin_label=&#8221;Ist&#8221; _builder_version=&#8221;4.18.0&#8243; background_color=&#8221;#e6ebf4&#8243; background_enable_image=&#8221;off&#8221; background_position=&#8221;top_left&#8221; background_enable_mask_style=&#8221;on&#8221; background_mask_style=&#8221;floating-squares&#8221; width=&#8221;100%&#8221; width_tablet=&#8221;&#8221; width_phone=&#8221;100%&#8221; width_last_edited=&#8221;on|phone&#8221; module_alignment=&#8221;center&#8221; min_height=&#8221;100%&#8221; custom_margin=&#8221;|0px||0px|false|true&#8221; custom_padding=&#8221;|10vw||10vw|false|true&#8221; custom_padding_tablet=&#8221;&#8221; custom_padding_phone=&#8221;0px|0vw|0px|0vw|true|false&#8221; background_color_phone=&#8221;#FFFFFF&#8221; background_last_edited=&#8221;on|tablet&#8221; background_enable_color_phone=&#8221;on&#8221; background_enable_image_tablet=&#8221;off&#8221; background_size_tablet=&#8221;contain&#8221; background_enable_mask_style_phone=&#8221;off&#8221; da_disable_devices=&#8221;off|off|off&#8221; locked=&#8221;off&#8221; global_colors_info=&#8221;{}&#8221; da_is_popup=&#8221;off&#8221; da_exit_intent=&#8221;off&#8221; da_has_close=&#8221;on&#8221; da_alt_close=&#8221;off&#8221; da_dark_close=&#8221;off&#8221; da_not_modal=&#8221;on&#8221; da_is_singular=&#8221;off&#8221; da_with_loader=&#8221;off&#8221; da_has_shadow=&#8221;on&#8221;][et_pb_row _builder_version=&#8221;4.18.0&#8243; _module_preset=&#8221;default&#8221; width_tablet=&#8221;&#8221; width_phone=&#8221;90%&#8221; width_last_edited=&#8221;on|phone&#8221; module_alignment=&#8221;center&#8221; custom_margin_tablet=&#8221;&#8221; custom_margin_phone=&#8221;50px||||false|false&#8221; custom_margin_last_edited=&#8221;on|phone&#8221; custom_padding=&#8221;0px|20px|0px|20px|true|true&#8221; global_colors_info=&#8221;{}&#8221;][et_pb_column type=&#8221;4_4&#8243; _builder_version=&#8221;4.18.0&#8243; custom_padding=&#8221;0px||||false|false&#8221; global_colors_info=&#8221;{}&#8221;][et_pb_text admin_label=&#8221;Text&#8221; _builder_version=&#8221;4.18.0&#8243; text_font=&#8221;PT Sans||||||||&#8221; text_text_color=&#8221;#000000&#8243; text_font_size=&#8221;18px&#8221; text_line_height=&#8221;1.8em&#8221; header_font=&#8221;|700|||||||&#8221; header_text_color=&#8221;#494949&#8243; header_font_size=&#8221;55px&#8221; header_line_height=&#8221;1.1em&#8221; module_alignment=&#8221;center&#8221; custom_margin=&#8221;|||0px|false|false&#8221; custom_padding=&#8221;|||0px|false|false&#8221; text_orientation_tablet=&#8221;center&#8221; text_orientation_phone=&#8221;&#8221; text_orientation_last_edited=&#8221;on|tablet&#8221; locked=&#8221;off&#8221; global_colors_info=&#8221;{}&#8221;]<\/p>\n<div class=\"et_pb_with_border et_pb_module et_pb_blurb et_pb_blurb_0  et_pb_text_align_left  et_pb_blurb_position_left et_pb_bg_layout_light\">\n<div class=\"et_pb_blurb_content\">\n<div class=\"et_pb_blurb_container\">\n<div class=\"et_pb_blurb_description\">\n<h1 style=\"text-align: center\">Why Digital marketing\uff1f<\/h1>\n<\/div>\n<\/div>\n<\/div>\n<\/div>\n<p>[\/et_pb_text][et_pb_text admin_label=&#8221;Text&#8221; _builder_version=&#8221;4.18.0&#8243; text_font=&#8221;PT Sans||||||||&#8221; text_text_color=&#8221;#62748a&#8221; text_font_size=&#8221;19px&#8221; text_line_height=&#8221;1.8em&#8221; header_text_color=&#8221;#494949&#8243; module_alignment=&#8221;center&#8221; custom_margin=&#8221;|||0px|false|false&#8221; custom_padding=&#8221;|99px||99px|false|true&#8221; custom_padding_tablet=&#8221;|99px||99px|false|true&#8221; custom_padding_phone=&#8221;|0px||0px|false|true&#8221; custom_padding_last_edited=&#8221;on|phone&#8221; text_orientation_tablet=&#8221;center&#8221; text_orientation_phone=&#8221;&#8221; text_orientation_last_edited=&#8221;on|tablet&#8221; locked=&#8221;off&#8221; global_colors_info=&#8221;{}&#8221;]<\/p>\n<p>Digital marketing helps you reach a larger audience than you could through traditional methods and target the prospects who are most likely to buy your product or service. Additionally, it&#8217;s often more cost-effective than traditional advertising and enables you to measure success on a daily basis and pivot as you see fit.<\/p>\n<p>[\/et_pb_text][et_pb_blurb title=&#8221;There are a few major benefits of digital marketing:&#8221; use_icon=&#8221;on&#8221; font_icon=&#8221;&#x5a;||divi||400&#8243; icon_color=&#8221;#0e4de3&#8243; icon_placement=&#8221;left&#8221; image_icon_width=&#8221;25px&#8221; content_max_width=&#8221;80%&#8221; content_max_width_tablet=&#8221;80%&#8221; content_max_width_phone=&#8221;100%&#8221; content_max_width_last_edited=&#8221;on|phone&#8221; admin_label=&#8221;Blurb&#8221; _builder_version=&#8221;4.18.0&#8243; header_font=&#8221;PT Sans|700|||||||&#8221; header_text_color=&#8221;#494949&#8243; header_font_size=&#8221;20px&#8221; body_text_color=&#8221;#494949&#8243; custom_margin=&#8221;||0px||false|false&#8221; custom_padding=&#8221;||0px||false|false&#8221; icon_font_size=&#8221;25px&#8221; locked=&#8221;off&#8221; global_colors_info=&#8221;{}&#8221;][\/et_pb_blurb][et_pb_text admin_label=&#8221;Text&#8221; _builder_version=&#8221;4.18.0&#8243; text_font=&#8221;PT Sans||||||||&#8221; text_text_color=&#8221;#62748a&#8221; text_font_size=&#8221;18px&#8221; text_line_height=&#8221;1.8em&#8221; module_alignment=&#8221;center&#8221; custom_margin=&#8221;|||0px|false|false&#8221; custom_padding=&#8221;|||0px|false|false&#8221; text_orientation_tablet=&#8221;center&#8221; text_orientation_phone=&#8221;&#8221; text_orientation_last_edited=&#8221;on|tablet&#8221; locked=&#8221;off&#8221; global_colors_info=&#8221;{}&#8221;]<\/p>\n<div class=\"et_pb_with_border et_pb_module et_pb_blurb et_pb_blurb_0  et_pb_text_align_left  et_pb_blurb_position_left et_pb_bg_layout_light\">\n<div class=\"et_pb_blurb_content\">\n<div class=\"et_pb_blurb_container\">\n<div class=\"et_pb_blurb_description\">\n<ul>\n<li>You can focus your efforts on only the prospects most likely to purchase your product or service.<\/li>\n<li>It&#8217;s more cost-effective than outbound marketing methods.<\/li>\n<li>Digital marketing evens the playing field within your industry and allows you to compete with bigger brands.<\/li>\n<li>Digital marketing is measurable.<\/li>\n<li>It\u2019s easier to adapt and change a digital marketing strategy.<\/li>\n<li>Digital marketing can improve your conversion rate and the quality of your leads.<\/li>\n<li>You can engage audiences at every stage with digital marketing.<\/li>\n<\/ul>\n<\/div>\n<\/div>\n<\/div>\n<\/div>\n<p>[\/et_pb_text][\/et_pb_column][\/et_pb_row][et_pb_row _builder_version=&#8221;4.18.0&#8243; _module_preset=&#8221;default&#8221; global_colors_info=&#8221;{}&#8221;][et_pb_column type=&#8221;4_4&#8243; admin_label=&#8221;Column&#8221; _builder_version=&#8221;4.18.0&#8243; _module_preset=&#8221;default&#8221; global_colors_info=&#8221;{}&#8221;][et_pb_blurb title=&#8221;Services offered by a digital marketing &#8211; Website Design&#8221; use_icon=&#8221;on&#8221; font_icon=&#8221;&#x5a;||divi||400&#8243; icon_color=&#8221;#0e4de3&#8243; icon_placement=&#8221;left&#8221; image_icon_width=&#8221;25px&#8221; content_max_width=&#8221;80%&#8221; content_max_width_tablet=&#8221;80%&#8221; content_max_width_phone=&#8221;100%&#8221; content_max_width_last_edited=&#8221;on|phone&#8221; admin_label=&#8221;Blurb&#8221; _builder_version=&#8221;4.18.0&#8243; header_font=&#8221;PT Sans|700|||||||&#8221; header_text_color=&#8221;#494949&#8243; header_font_size=&#8221;20px&#8221; body_text_color=&#8221;#494949&#8243; custom_margin=&#8221;||0px||false|false&#8221; custom_margin_tablet=&#8221;||0px||false|false&#8221; custom_margin_phone=&#8221;40px||40px||true|false&#8221; custom_margin_last_edited=&#8221;on|phone&#8221; custom_padding=&#8221;||0px||false|false&#8221; icon_font_size=&#8221;25px&#8221; locked=&#8221;off&#8221; global_colors_info=&#8221;{}&#8221;][\/et_pb_blurb][et_pb_image src=&#8221;\/armpos\/wp-content\/uploads\/sites\/3\/2022\/12\/Untitled-1587-\u00d7-1500px-1587-\u00d7-1300px-1587-\u00d7-1000px-1.png&#8221; title_text=&#8221;Untitled (1587 \u00d7 1500px) (1587 \u00d7 1300px) (1587 \u00d7 1000px) (1)&#8221; _builder_version=&#8221;4.18.0&#8243; _module_preset=&#8221;default&#8221; width=&#8221;800px&#8221; max_width=&#8221;900px&#8221; custom_margin=&#8221;|||100px|false|false&#8221; custom_margin_tablet=&#8221;|||100px|false|false&#8221; custom_margin_phone=&#8221;|||0px|false|false&#8221; custom_margin_last_edited=&#8221;on|phone&#8221; hover_enabled=&#8221;0&#8243; global_colors_info=&#8221;{}&#8221; sticky_enabled=&#8221;0&#8243;][\/et_pb_image][et_pb_blurb title=&#8221;Services offered by a digital marketing &#8211; Email Marketing&#8221; use_icon=&#8221;on&#8221; font_icon=&#8221;&#x5a;||divi||400&#8243; icon_color=&#8221;#0e4de3&#8243; icon_placement=&#8221;left&#8221; image_icon_width=&#8221;25px&#8221; content_max_width=&#8221;80%&#8221; content_max_width_tablet=&#8221;80%&#8221; content_max_width_phone=&#8221;100%&#8221; content_max_width_last_edited=&#8221;on|phone&#8221; admin_label=&#8221;Blurb&#8221; _builder_version=&#8221;4.18.0&#8243; header_font=&#8221;PT Sans|700|||||||&#8221; header_text_color=&#8221;#494949&#8243; header_font_size=&#8221;20px&#8221; body_text_color=&#8221;#494949&#8243; custom_margin=&#8221;||0px||false|false&#8221; custom_margin_tablet=&#8221;||0px||false|false&#8221; custom_margin_phone=&#8221;40px||40px||true|false&#8221; custom_margin_last_edited=&#8221;on|phone&#8221; custom_padding=&#8221;||0px||false|false&#8221; icon_font_size=&#8221;25px&#8221; locked=&#8221;off&#8221; global_colors_info=&#8221;{}&#8221;][\/et_pb_blurb][et_pb_image src=&#8221;\/armpos\/wp-content\/uploads\/sites\/3\/2022\/12\/Untitled-design-27-1.png&#8221; title_text=&#8221;Untitled design (27)&#8221; _builder_version=&#8221;4.18.0&#8243; _module_preset=&#8221;default&#8221; width=&#8221;800px&#8221; max_width=&#8221;900px&#8221; custom_margin=&#8221;|||100px|false|false&#8221; custom_margin_tablet=&#8221;|||100px|false|false&#8221; custom_margin_phone=&#8221;|||0px|false|false&#8221; custom_margin_last_edited=&#8221;on|phone&#8221; hover_enabled=&#8221;0&#8243; global_colors_info=&#8221;{}&#8221; sticky_enabled=&#8221;0&#8243;][\/et_pb_image][et_pb_blurb title=&#8221;Services offered by a digital marketing &#8211; Social Media&#8221; icon_placement=&#8221;left&#8221; image_icon_width=&#8221;25px&#8221; content_max_width=&#8221;80%&#8221; content_max_width_tablet=&#8221;80%&#8221; content_max_width_phone=&#8221;100%&#8221; content_max_width_last_edited=&#8221;on|phone&#8221; admin_label=&#8221;Blurb&#8221; _builder_version=&#8221;4.18.0&#8243; header_font=&#8221;PT Sans|700|||||||&#8221; header_text_color=&#8221;#494949&#8243; header_font_size=&#8221;20px&#8221; body_text_color=&#8221;#494949&#8243; custom_margin=&#8221;||0px||false|false&#8221; custom_margin_tablet=&#8221;||0px||false|false&#8221; custom_margin_phone=&#8221;40px||40px||true|false&#8221; custom_margin_last_edited=&#8221;on|phone&#8221; custom_padding=&#8221;||0px||false|false&#8221; hover_enabled=&#8221;0&#8243; icon_font_size=&#8221;25px&#8221; locked=&#8221;off&#8221; global_colors_info=&#8221;{}&#8221; title_text=&#8221;Untitled (1587 \u00d7 1500px) (1587 \u00d7 1300px) (1587 \u00d7 1000px)&#8221; image=&#8221;\/armpos\/wp-content\/uploads\/sites\/3\/2022\/12\/Untitled-1587-\u00d7-1500px-1587-\u00d7-1300px-1587-\u00d7-1000px.png&#8221; sticky_enabled=&#8221;0&#8243;][\/et_pb_blurb][et_pb_image src=&#8221;\/wp-content\/uploads\/2023\/03\/Untitled-1587-\u00d7-1500px-1587-\u00d7-1300px-1587-\u00d7-1000px.png&#8221; title_text=&#8221;Untitled-1587-\u00d7-1500px-1587-\u00d7-1300px-1587-\u00d7-1000px&#8221; admin_label=&#8221;Image&#8221; _builder_version=&#8221;4.18.0&#8243; _module_preset=&#8221;default&#8221; width=&#8221;800px&#8221; max_width=&#8221;900px&#8221; custom_margin=&#8221;|||100px|false|false&#8221; custom_margin_tablet=&#8221;|||100px|false|false&#8221; custom_margin_phone=&#8221;|||0px|false|false&#8221; custom_margin_last_edited=&#8221;on|phone&#8221; global_colors_info=&#8221;{}&#8221;][\/et_pb_image][\/et_pb_column][\/et_pb_row][\/et_pb_section][et_pb_section fb_built=&#8221;1&#8243; admin_label=&#8221;Footer&#8221; _builder_version=&#8221;4.18.0&#8243; background_color=&#8221;#9b9b9b&#8221; use_background_color_gradient=&#8221;on&#8221; background_color_gradient_direction=&#8221;190deg&#8221; background_color_gradient_stops=&#8221;rgba(0,0,0,0.1) 0%|rgba(0,0,0,0) 100%&#8221; background_color_gradient_overlays_image=&#8221;on&#8221; background_color_gradient_start=&#8221;rgba(0,0,0,0.1)&#8221; background_color_gradient_end=&#8221;rgba(0,0,0,0)&#8221; background_color_gradient_end_position=&#8221;21%&#8221; background_image=&#8221;\/armpos\/wp-content\/uploads\/sites\/3\/2022\/10\/TRY-US-1.png&#8221; custom_padding=&#8221;8vw||8vw||true|false&#8221; hover_enabled=&#8221;0&#8243; da_disable_devices=&#8221;off|off|off&#8221; locked=&#8221;off&#8221; global_colors_info=&#8221;{}&#8221; title_text=&#8221;TRY US&#8221; sticky_enabled=&#8221;0&#8243; da_is_popup=&#8221;off&#8221; da_exit_intent=&#8221;off&#8221; da_has_close=&#8221;on&#8221; da_alt_close=&#8221;off&#8221; da_dark_close=&#8221;off&#8221; da_not_modal=&#8221;on&#8221; da_is_singular=&#8221;off&#8221; da_with_loader=&#8221;off&#8221; da_has_shadow=&#8221;on&#8221;][et_pb_row column_structure=&#8221;3_5,2_5&#8243; custom_padding_last_edited=&#8221;on|phone&#8221; _builder_version=&#8221;4.18.0&#8243; custom_padding=&#8221;||||false|false&#8221; custom_padding_tablet=&#8221;|24%|||false|false&#8221; custom_padding_phone=&#8221;|10%|||false|false&#8221; global_colors_info=&#8221;{}&#8221;][et_pb_column type=&#8221;3_5&#8243; _builder_version=&#8221;4.16&#8243; global_colors_info=&#8221;{}&#8221;][et_pb_text admin_label=&#8221;Text&#8221; _builder_version=&#8221;4.18.0&#8243; text_font=&#8221;Exo 2|||on|||||&#8221; text_text_color=&#8221;gcid-41224018-5e48-42cf-99a5-4bcc3f22e779&#8243; text_letter_spacing=&#8221;1px&#8221; link_text_color=&#8221;gcid-41224018-5e48-42cf-99a5-4bcc3f22e779&#8243; locked=&#8221;off&#8221; global_colors_info=&#8221;{%22gcid-41224018-5e48-42cf-99a5-4bcc3f22e779%22:%91%22text_text_color%22,%22link_text_color%22%93}&#8221;]<\/p>\n<p><span style=\"color: #ff6321\">Get Started<\/span><\/p>\n<p>[\/et_pb_text][et_pb_text _builder_version=&#8221;4.16&#8243; header_2_font=&#8221;Exo 2|600|||||||&#8221; header_2_font_size=&#8221;48px&#8221; header_2_line_height=&#8221;1.2em&#8221; header_2_font_size_tablet=&#8221;32px&#8221; header_2_font_size_phone=&#8221;20px&#8221; header_2_font_size_last_edited=&#8221;on|phone&#8221; locked=&#8221;off&#8221; global_colors_info=&#8221;{}&#8221; header_2_2_font_size_tablet=&#8221;32px&#8221; header_3_2_font_size_tablet=&#8221;32px&#8221; header_4_2_font_size_tablet=&#8221;32px&#8221; header_5_2_font_size_tablet=&#8221;32px&#8221; header_6_2_font_size_tablet=&#8221;32px&#8221; header_2_2_font_size_phone=&#8221;20px&#8221; header_3_2_font_size_phone=&#8221;20px&#8221; header_4_2_font_size_phone=&#8221;20px&#8221; header_5_2_font_size_phone=&#8221;20px&#8221; header_6_2_font_size_phone=&#8221;20px&#8221; header_2_2_font_size_last_edited=&#8221;on|phone&#8221; header_3_2_font_size_last_edited=&#8221;on|phone&#8221; header_4_2_font_size_last_edited=&#8221;on|phone&#8221; header_5_2_font_size_last_edited=&#8221;on|phone&#8221; header_6_2_font_size_last_edited=&#8221;on|phone&#8221;]<\/p>\n<h2>The right solution can help your business get where it needs to go.<\/h2>\n<p>[\/et_pb_text][et_pb_button button_url=&#8221;https:\/\/www.armpos.com.au\/armpos\/contact-us\/&#8221; button_text=&#8221;Contact us&#8221; _builder_version=&#8221;4.18.0&#8243; custom_button=&#8221;on&#8221; button_text_size=&#8221;14px&#8221; button_text_color=&#8221;gcid-41224018-5e48-42cf-99a5-4bcc3f22e779&#8243; button_bg_color=&#8221;gcid-46f6134b-39db-4551-955e-1c7745cdb5de&#8221; button_border_width=&#8221;0px&#8221; button_letter_spacing=&#8221;1px&#8221; button_font=&#8221;Exo 2|500||on|||||&#8221; custom_padding=&#8221;10px|30px|10px|30px|true|true&#8221; box_shadow_style=&#8221;preset3&#8243; box_shadow_color=&#8221;rgba(14,77,227,0.2)&#8221; locked=&#8221;off&#8221; global_colors_info=&#8221;{%22gcid-41224018-5e48-42cf-99a5-4bcc3f22e779%22:%91%22button_text_color%22%93,%22gcid-46f6134b-39db-4551-955e-1c7745cdb5de%22:%91%22button_bg_color%22%93}&#8221;][\/et_pb_button][\/et_pb_column][et_pb_column type=&#8221;2_5&#8243; _builder_version=&#8221;4.16&#8243; global_colors_info=&#8221;{}&#8221;][\/et_pb_column][\/et_pb_row][\/et_pb_section]<\/p>\n","protected":false},"excerpt":{"rendered":"<p>Welcome to Business Tools Digital Marketing The objective of our marketing team is to deliver our expert service and develop creative idea to your business. We will help you to boost sales, increase brand awareness, get the best return on investment and increase customer loyalty.\u00a0 Why Digital marketing\uff1f Digital marketing helps you reach a larger [&hellip;]<\/p>\n","protected":false},"author":3,"featured_media":0,"parent":0,"menu_order":9,"comment_status":"closed","ping_status":"closed","template":"","meta":{"_et_pb_use_builder":"on","_et_pb_old_content":"","_et_gb_content_width":"","footnotes":""},"class_list":["post-2827","page","type-page","status-publish","hentry"],"_links":{"self":[{"href":"\/armpos\/wp-json\/wp\/v2\/pages\/2827","targetHints":{"allow":["GET"]}}],"collection":[{"href":"\/armpos\/wp-json\/wp\/v2\/pages"}],"about":[{"href":"\/armpos\/wp-json\/wp\/v2\/types\/page"}],"author":[{"embeddable":true,"href":"\/armpos\/wp-json\/wp\/v2\/users\/3"}],"replies":[{"embeddable":true,"href":"\/armpos\/wp-json\/wp\/v2\/comments?post=2827"}],"version-history":[{"count":2,"href":"\/armpos\/wp-json\/wp\/v2\/pages\/2827\/revisions"}],"predecessor-version":[{"id":6594,"href":"\/armpos\/wp-json\/wp\/v2\/pages\/2827\/revisions\/6594"}],"wp:attachment":[{"href":"\/armpos\/wp-json\/wp\/v2\/media?parent=2827"}],"curies":[{"name":"wp","href":"https:\/\/api.w.org\/{rel}","templated":true}]}}